{"id":90,"date":"2020-05-29T16:55:00","date_gmt":"2020-05-29T21:55:00","guid":{"rendered":"http:\/\/ingeproyco.com\/?page_id=90"},"modified":"2023-06-15T09:35:32","modified_gmt":"2023-06-15T14:35:32","slug":"acerca-de-nosotros","status":"publish","type":"page","link":"https:\/\/ingeproyco.com\/?page_id=90","title":{"rendered":"Acerca de Nosotros"},"content":{"rendered":"\t\t<div data-elementor-type=\"wp-page\" data-elementor-id=\"90\" class=\"elementor elementor-90\" data-elementor-post-type=\"page\">\n\t\t\t\t\t\t<section class=\"elementor-section elementor-top-section elementor-element elementor-element-24bfd14f elementor-section-boxed elementor-section-height-default elementor-section-height-default\" data-id=\"24bfd14f\" data-element_type=\"section\" data-e-type=\"section\" data-settings=\"{&quot;background_background&quot;:&quot;classic&quot;}\">\n\t\t\t\t\t\t<div class=\"elementor-container elementor-column-gap-default\">\n\t\t\t\t\t<div class=\"elementor-column elementor-col-50 elementor-top-column elementor-element elementor-element-340bee74\" data-id=\"340bee74\" data-element_type=\"column\" data-e-type=\"column\">\n\t\t\t<div class=\"elementor-widget-wrap\">\n\t\t\t\t\t\t\t<\/div>\n\t\t<\/div>\n\t\t\t\t<div class=\"elementor-column elementor-col-50 elementor-top-column elementor-element elementor-element-4fb51301\" data-id=\"4fb51301\" data-element_type=\"column\" data-e-type=\"column\">\n\t\t\t<div class=\"elementor-widget-wrap elementor-element-populated\">\n\t\t\t\t\t\t<div class=\"elementor-element elementor-element-19dccfa elementor-widget elementor-widget-heading\" data-id=\"19dccfa\" data-element_type=\"widget\" data-e-type=\"widget\" data-widget_type=\"heading.default\">\n\t\t\t\t<div class=\"elementor-widget-container\">\n\t\t\t\t\t<h1 class=\"elementor-heading-title elementor-size-default\">Acerca de Ingeproyco<\/h1>\t\t\t\t<\/div>\n\t\t\t\t<\/div>\n\t\t\t\t\t<\/div>\n\t\t<\/div>\n\t\t\t\t\t<\/div>\n\t\t<\/section>\n\t\t\t\t<section class=\"elementor-section elementor-top-section elementor-element elementor-element-22b81c1 elementor-section-boxed elementor-section-height-default elementor-section-height-default\" data-id=\"22b81c1\" data-element_type=\"section\" data-e-type=\"section\" data-settings=\"{&quot;background_background&quot;:&quot;classic&quot;}\">\n\t\t\t\t\t\t<div class=\"elementor-container elementor-column-gap-default\">\n\t\t\t\t\t<div class=\"elementor-column elementor-col-100 elementor-top-column elementor-element elementor-element-7682f2df\" data-id=\"7682f2df\" data-element_type=\"column\" data-e-type=\"column\">\n\t\t\t<div class=\"elementor-widget-wrap\">\n\t\t\t\t\t\t\t<\/div>\n\t\t<\/div>\n\t\t\t\t\t<\/div>\n\t\t<\/section>\n\t\t\t\t<section class=\"elementor-section elementor-top-section elementor-element elementor-element-197f5230 elementor-section-boxed elementor-section-height-default elementor-section-height-default\" data-id=\"197f5230\" data-element_type=\"section\" data-e-type=\"section\">\n\t\t\t\t\t\t<div class=\"elementor-container elementor-column-gap-default\">\n\t\t\t\t\t<div class=\"elementor-column elementor-col-100 elementor-top-column elementor-element elementor-element-16e3d6a6\" data-id=\"16e3d6a6\" data-element_type=\"column\" data-e-type=\"column\">\n\t\t\t<div class=\"elementor-widget-wrap elementor-element-populated\">\n\t\t\t\t\t\t<div class=\"elementor-element elementor-element-1925f10f elementor-widget elementor-widget-heading\" data-id=\"1925f10f\" data-element_type=\"widget\" data-e-type=\"widget\" data-widget_type=\"heading.default\">\n\t\t\t\t<div class=\"elementor-widget-container\">\n\t\t\t\t\t<h1 class=\"elementor-heading-title elementor-size-default\">Ingenieros Proyectistas y Constructores<\/h1>\t\t\t\t<\/div>\n\t\t\t\t<\/div>\n\t\t\t\t<div class=\"elementor-element elementor-element-84c11e0 elementor-widget elementor-widget-text-editor\" data-id=\"84c11e0\" data-element_type=\"widget\" data-e-type=\"widget\" data-widget_type=\"text-editor.default\">\n\t\t\t\t<div class=\"elementor-widget-container\">\n\t\t\t\t\t\t\t\t\t<p style=\"text-align: justify;\">Somos una empresa del mercado inmobiliario con m\u00e1s de 30 a\u00f1os de experiencia y una s\u00f3lida trayectoria.<\/p><p style=\"text-align: justify;\">Nuestro principal objetivo es ofrecer un servicio de excelencia, respaldo y transparencia, brindando rapidez en la comercializaci\u00f3n de propiedades tanto en alquiler como en venta.<\/p><p style=\"text-align: justify;\">Contamos con un equipo especializado de profesionales dispuestos a proporcionar un servicio integral, dedicado a satisfacer todas sus\u00a0necesidades.<\/p>\t\t\t\t\t\t\t\t<\/div>\n\t\t\t\t<\/div>\n\t\t\t\t\t<\/div>\n\t\t<\/div>\n\t\t\t\t\t<\/div>\n\t\t<\/section>\n\t\t\t\t<\/div>\n\t\t","protected":false},"excerpt":{"rendered":"<p>Acerca de Ingeproyco Ingenieros Proyectistas y Constructores Somos una empresa del mercado inmobiliario con m\u00e1s de 30 a\u00f1os de experiencia y una s\u00f3lida trayectoria. Nuestro principal objetivo es ofrecer un servicio de excelencia, respaldo y transparencia, brindando rapidez en la comercializaci\u00f3n de propiedades tanto en alquiler como en venta. Contamos con un equipo especializado de &#8230; <a title=\"Acerca de Nosotros\" class=\"read-more\" href=\"https:\/\/ingeproyco.com\/?page_id=90\" aria-label=\"Leer m\u00e1s sobre Acerca de Nosotros\">Leer m\u00e1s<\/a><\/p>\n","protected":false},"author":2,"featured_media":0,"parent":0,"menu_order":0,"comment_status":"closed","ping_status":"closed","template":"","meta":{"footnotes":""},"class_list":["post-90","page","type-page","status-publish"],"_links":{"self":[{"href":"https:\/\/ingeproyco.com\/index.php?rest_route=\/wp\/v2\/pages\/90","targetHints":{"allow":["GET"]}}],"collection":[{"href":"https:\/\/ingeproyco.com\/index.php?rest_route=\/wp\/v2\/pages"}],"about":[{"href":"https:\/\/ingeproyco.com\/index.php?rest_route=\/wp\/v2\/types\/page"}],"author":[{"embeddable":true,"href":"https:\/\/ingeproyco.com\/index.php?rest_route=\/wp\/v2\/users\/2"}],"replies":[{"embeddable":true,"href":"https:\/\/ingeproyco.com\/index.php?rest_route=%2Fwp%2Fv2%2Fcomments&post=90"}],"version-history":[{"count":7,"href":"https:\/\/ingeproyco.com\/index.php?rest_route=\/wp\/v2\/pages\/90\/revisions"}],"predecessor-version":[{"id":175,"href":"https:\/\/ingeproyco.com\/index.php?rest_route=\/wp\/v2\/pages\/90\/revisions\/175"}],"wp:attachment":[{"href":"https:\/\/ingeproyco.com\/index.php?rest_route=%2Fwp%2Fv2%2Fmedia&parent=90"}],"curies":[{"name":"wp","href":"https:\/\/api.w.org\/{rel}","templated":true}]}}